{"id":108,"date":"2018-06-24T20:25:16","date_gmt":"2018-06-24T20:25:16","guid":{"rendered":"http:\/\/rittershofer-verlag.de\/?page_id=108"},"modified":"2018-11-17T17:04:25","modified_gmt":"2018-11-17T17:04:25","slug":"das-buch-waldpflege-und-waldbau","status":"publish","type":"page","link":"https:\/\/rittershofer-verlag.de\/?page_id=108","title":{"rendered":"Das Buch &#8222;Waldpflege und Waldbau&#8220;"},"content":{"rendered":"\n<figure class=\"wp-block-image\"><img loading=\"lazy\" width=\"199\" height=\"115\" src=\"https:\/\/rittershofer-verlag.de\/wp-content\/uploads\/2018\/06\/logo-1.jpg\" alt=\"\" class=\"wp-image-40\"\/><\/figure>\n\n\n\n<p><strong>Waldpflege und Waldbau<br>F\u00fcr Studium und Praxis<br><\/strong><strong>mit einem Abschnitt \u00fcber Naturschutz im Wald<br>von Fredo Rittershofer, Freising, 1999, 492 Seiten<br><\/strong>3 \u00fcberarbeitete Auflage 2013<br>ISBN 978-3-930770-04-5<\/p>\n\n\n\n<div class=\"wp-block-image\"><figure class=\"alignleft is-resized\"><img loading=\"lazy\" src=\"https:\/\/rittershofer-verlag.de\/wp-content\/uploads\/2018\/06\/cover.jpg\" alt=\"\" class=\"wp-image-49\" width=\"209\" height=\"295\" srcset=\"https:\/\/rittershofer-verlag.de\/wp-content\/uploads\/2018\/06\/cover.jpg 226w, https:\/\/rittershofer-verlag.de\/wp-content\/uploads\/2018\/06\/cover-213x300.jpg 213w\" sizes=\"(max-width: 209px) 100vw, 209px\" \/><\/figure><\/div>\n\n\n\n<p>Dieses Waldbaulehrbuch wendet sich vor allem an Studierende und Praktiker aller Fachrichtungen, die Kenntnisse \u00fcber den Wald, seine Dynamik, seinen Aufbau und seine pflegliche Behandlung erwerben oder vorhandene Kenntnisse vertiefen wollen. Es gibt aber auch Forst- und Naturwissenschaftlern wichtige Anregungen. Es vermittelt die praktischen und wissenschaftlichen Grundlagen und Grundbegriffe des Waldbaus.<\/p>\n\n\n\n<p>Der Preis des Buches betr\u00e4gt <strong>34,77 EUR<\/strong> inkl. Porto und Verpackung innerhalb Deutschlands. Im Ausland zzgl. Verpackung. Im Preis sind 7% Mehrwertsteuer enthalten. Die Lieferung erfolgt gegen Rechnung.<\/p>\n\n\n\n<p>Das Buch kann bezogen werden \u00fcber den Buchhandel, Amazon Marketplace, oder direkt \u00fcber den Verlag.<\/p>\n\n\n\n<p>Weitere Informationen erhalten Sie, wenn Sie uns via E-Mail oder Fax (siehe <a href=\"http:\/\/rittershofer-verlag.de\/?page_id=81\">Kontakt<\/a>) oder unter <a href=\"mailto:info@rittershofer-verlag.de\">info@rittershofer-verlag.de<\/a> kontaktieren. Sie k\u00f6nnen uns tags\u00fcber auch unter +49 (0) 8161 65896 erreichen.<\/p>\n","protected":false},"excerpt":{"rendered":"<p>Waldpflege und WaldbauF\u00fcr Studium und Praxismit einem Abschnitt \u00fcber Naturschutz im Waldvon Fredo Rittershofer, Freising, 1999, 492 Seiten3 \u00fcberarbeitete Auflage 2013ISBN 978-3-930770-04-5 Dieses Waldbaulehrbuch wendet sich vor allem an Studierende und Praktiker aller Fachrichtungen, die Kenntnisse \u00fcber den Wald, seine <span class=\"excerpt-dots\">&hellip;<\/span> <a class=\"more-link\" href=\"https:\/\/rittershofer-verlag.de\/?page_id=108\"><span class=\"more-msg\">Weiterlesen &rarr;<\/span><\/a><\/p>\n","protected":false},"author":2,"featured_media":0,"parent":44,"menu_order":1,"comment_status":"closed","ping_status":"closed","template":"","meta":[],"_links":{"self":[{"href":"https:\/\/rittershofer-verlag.de\/index.php?rest_route=\/wp\/v2\/pages\/108"}],"collection":[{"href":"https:\/\/rittershofer-verlag.de\/index.php?rest_route=\/wp\/v2\/pages"}],"about":[{"href":"https:\/\/rittershofer-verlag.de\/index.php?rest_route=\/wp\/v2\/types\/page"}],"author":[{"embeddable":true,"href":"https:\/\/rittershofer-verlag.de\/index.php?rest_route=\/wp\/v2\/users\/2"}],"replies":[{"embeddable":true,"href":"https:\/\/rittershofer-verlag.de\/index.php?rest_route=%2Fwp%2Fv2%2Fcomments&post=108"}],"version-history":[{"count":6,"href":"https:\/\/rittershofer-verlag.de\/index.php?rest_route=\/wp\/v2\/pages\/108\/revisions"}],"predecessor-version":[{"id":156,"href":"https:\/\/rittershofer-verlag.de\/index.php?rest_route=\/wp\/v2\/pages\/108\/revisions\/156"}],"up":[{"embeddable":true,"href":"https:\/\/rittershofer-verlag.de\/index.php?rest_route=\/wp\/v2\/pages\/44"}],"wp:attachment":[{"href":"https:\/\/rittershofer-verlag.de\/index.php?rest_route=%2Fwp%2Fv2%2Fmedia&parent=108"}],"curies":[{"name":"wp","href":"https:\/\/api.w.org\/{rel}","templated":true}]}}