{"id":22,"date":"2018-06-24T19:23:39","date_gmt":"2018-06-24T19:23:39","guid":{"rendered":"http:\/\/rittershofer-verlag.de\/?page_id=22"},"modified":"2018-11-17T17:03:14","modified_gmt":"2018-11-17T17:03:14","slug":"informationen-ueber-uns","status":"publish","type":"page","link":"https:\/\/rittershofer-verlag.de\/?page_id=22","title":{"rendered":"Informationen \u00fcber uns"},"content":{"rendered":"\n<figure class=\"wp-block-image\"><img loading=\"lazy\" width=\"199\" height=\"115\" src=\"https:\/\/rittershofer-verlag.de\/wp-content\/uploads\/2018\/06\/logo-1.jpg\" alt=\"\" class=\"wp-image-40\"\/><\/figure>\n\n\n\n<p><strong>Ein kleiner Verlag entsteht &#8211; Vorgeschichte<\/strong><\/p>\n\n\n\n<p>Schon anfang der sechziger Jahre haben Gisela und Fredo zusammengearbeitet, gemessen, gerechnet und ver\u00f6ffentlicht. Ziel war es auch, die damals kleine Familie zu ern\u00e4hren. Die Zusammenarbeit begann schon im Rahmen der Promotion an der Universit\u00e4t Freiburg. Turbulente Jahre folgten. Referendarzeit. Ein Ruf zur FAO (Ern\u00e4hrungsorganisation der Vereinten Nationen) in Rom f\u00fcr zwei Jahre, davon mehrere Monate in mehr als einem Dutzend afrikanischer L\u00e4nder s\u00fcdlich der Sahara. Ziel: die Erfahrungen \u00fcber die Wiederaufforstung in verschiedenen Regionen Afrikas zu sammeln und zu dokumentieren und eine \u201cSavanna Working Party\u201d zu Gr\u00fcnden. Im Auftrag der FAO entstand so sp\u00e4ter ein Buch: \u201cTree Planting Practices in African Savannas\u201d (1976). <\/p>\n\n\n\n<p>Es folgten interessante T\u00e4tigkeiten bei der baden-w\u00fcrttembergischen Forstverwaltung, im Ministerium f\u00fcr Entwicklungshilfe in Bonn und an der Forstlichen Fakult\u00e4t der Universit\u00e4t Freiburg. Die anfallenden Untersuchungsergebnisse, die ver\u00f6ffentlicht wurden, hat immer Gisela Rittershofer geschrieben. In Freiburg entstand als erste gr\u00f6\u00dfere Arbeit: \u201cGrundlagen des naturnahen Waldbaus in Europa\u201d (1968) in W\u00fcrdigung von Professor Karl Rubner. Weitere Ver\u00f6ffentlichungen: \u201cGaswechselphysiologische Untersuchungen an Spross und Wurzeln von Tanne (<em>Abies alba<\/em>) &#8230;\u201d, \u201cA precision phytotron for separate determination of gas exchange in shoot an root zones\u201d.<\/p>\n\n\n\n<p>Das Partnerschaftsprojekt f\u00fcr Forstwissenschaften zwischen den Universit\u00e4ten Freiburg i. Br. und Curitiba in Brasilien hatte das Ziel, die erste forstliche Fakult\u00e4t in Brasilien f\u00fcr Lehre, Forschung und Beratung aufzubauen. Im Rahmen dieser erfolgreichen Arbeit entstanden die Ver\u00f6ffentlichungen:<\/p>\n\n\n\n<div class=\"wp-block-image\"><figure class=\"alignleft is-resized\"><img loading=\"lazy\" src=\"https:\/\/rittershofer-verlag.de\/wp-content\/uploads\/2018\/06\/palmitobuch.jpg\" alt=\"\" class=\"wp-image-29\" width=\"301\" height=\"432\" srcset=\"https:\/\/rittershofer-verlag.de\/wp-content\/uploads\/2018\/06\/palmitobuch.jpg 226w, https:\/\/rittershofer-verlag.de\/wp-content\/uploads\/2018\/06\/palmitobuch-209x300.jpg 209w\" sizes=\"(max-width: 301px) 100vw, 301px\" \/><\/figure><\/div>\n\n\n\n<ul><li>Die Erforschung der \u00d6kophysiologie brasilianischer Baumarten f\u00fcr die Bewirtschaftung der Urw\u00e4lder<\/li><li>Procedencias de <em>Pinus sp.<\/em> adaptadas aus condicoes ecologicas dos planaltos sulinos<\/li><li>A sivicultura e a industria do palmito, <em>Euterpe edulis Mart.<\/em><\/li><li>Der tropische Regenwald des Amazonas &#8211; Seine Gef\u00e4hrdung und seine Chancen<\/li><li>Transamazonica und \u00f6kologische Folgen<\/li><li>A importancia da floresta tropical no contexto geral das relacoes ecologicas- ambientais<\/li><li>Forestry for local community development in Thailand<\/li><li><em>Cedrella fissilis<\/em>, eine Monographie einer bedeutenden brasilianischen Baumart<\/li><li>Ensaio comparativo de procedencias de <em>Araucaria angustifolia<\/em> (Best.) O. Ktze.\n\t<\/li><\/ul>\n\n\n\n<p>Der Ruf nach Weihenstephan 1976 bedeutet, dass zuerst die Lehre mit \u00dcbungen, Exkursionen und&nbsp; dann die Vorlesungen mit Inhalt gef\u00fcllt werden m\u00fcssen. Das geschieht auch in enger Zusammenarbeit mit Studierenden und Praktikern. Es entwickelt sich der Wunsch Unterlagen zur Vorlesung in Form eines Skriptums zu haben. Statt eines solchen Skriptums entsteht ein Lehrbuch, das verst\u00e4ndlich geschrieben ist und als Zielgruppe Studierende, Praktiker und Waldinteressierte hat. <\/p>\n\n\n\n<p>Ein druckreifes Manuskript entsteht in Zusammenarbeit mit einem bekannten Fachbuchverlag. Schon damals haben Fusionen der Verlage Ver\u00f6ffentlichungen verschleppt, so dass wir entschieden haben, das Lehrbuch im Selbstverlag herauszugeben. Damit konnte auch gew\u00e4hrleistet werden, dass das Buch f\u00fcr Studierende erschwinglich ist. Das Buch sollte sein: Verst\u00e4ndlich, praxisnah, umfassend und preiswert.<\/p>\n\n\n\n<p>Der Gisela Rittershofer Verlag Freising war geboren. 1994. Er ist nun 24 Jahre jung.<\/p>\n\n\n\n<p>Eine zweite Auflage war \u00fcberf\u00e4llig. Die Zielgruppe war dieselbe. Die Forderung blieb die verst\u00e4ndliche Darstellung schwieriger Zusammenh\u00e4nge. Das Manuskript war \u201cready for print\u201d bei einem bedeutenden Verlag und wieder haben uns Fusionsprobleme der Verlage veranlasst, den kleinen Gisela Rittershofer Verlag Freising zu aktivieren mit Unterst\u00fctzung von Axel und Ursl Rittershofer, die nicht nur, aber vor allem f\u00fcr das Layout verantwortlich waren. Ein v\u00f6llig neues Buch hinsichtlich Inhalt und Qualit\u00e4t ist entstanden. <\/p>\n\n\n\n<p>Weitere Publikationen kamen hinzu und werden in absehbarer Zeit hinzukommen. Als Synonym zu diesem Verlag steht: Wir haben ein gutes Produkt und es gibt Probleme. Der Gisela Rittershofer Verlag Freising l\u00f6st sie.<\/p>\n","protected":false},"excerpt":{"rendered":"<p>Ein kleiner Verlag entsteht &#8211; Vorgeschichte Schon anfang der sechziger Jahre haben Gisela und Fredo zusammengearbeitet, gemessen, gerechnet und ver\u00f6ffentlicht. Ziel war es auch, die damals kleine Familie zu ern\u00e4hren. Die Zusammenarbeit begann schon im Rahmen der Promotion an der <span class=\"excerpt-dots\">&hellip;<\/span> <a class=\"more-link\" href=\"https:\/\/rittershofer-verlag.de\/?page_id=22\"><span class=\"more-msg\">Weiterlesen &rarr;<\/span><\/a><\/p>\n","protected":false},"author":2,"featured_media":0,"parent":0,"menu_order":1,"comment_status":"closed","ping_status":"closed","template":"","meta":[],"_links":{"self":[{"href":"https:\/\/rittershofer-verlag.de\/index.php?rest_route=\/wp\/v2\/pages\/22"}],"collection":[{"href":"https:\/\/rittershofer-verlag.de\/index.php?rest_route=\/wp\/v2\/pages"}],"about":[{"href":"https:\/\/rittershofer-verlag.de\/index.php?rest_route=\/wp\/v2\/types\/page"}],"author":[{"embeddable":true,"href":"https:\/\/rittershofer-verlag.de\/index.php?rest_route=\/wp\/v2\/users\/2"}],"replies":[{"embeddable":true,"href":"https:\/\/rittershofer-verlag.de\/index.php?rest_route=%2Fwp%2Fv2%2Fcomments&post=22"}],"version-history":[{"count":22,"href":"https:\/\/rittershofer-verlag.de\/index.php?rest_route=\/wp\/v2\/pages\/22\/revisions"}],"predecessor-version":[{"id":155,"href":"https:\/\/rittershofer-verlag.de\/index.php?rest_route=\/wp\/v2\/pages\/22\/revisions\/155"}],"wp:attachment":[{"href":"https:\/\/rittershofer-verlag.de\/index.php?rest_route=%2Fwp%2Fv2%2Fmedia&parent=22"}],"curies":[{"name":"wp","href":"https:\/\/api.w.org\/{rel}","templated":true}]}}