{"id":6,"date":"2018-06-24T18:48:00","date_gmt":"2018-06-24T18:48:00","guid":{"rendered":"http:\/\/rittershofer-verlag.de\/?page_id=6"},"modified":"2018-11-17T17:00:13","modified_gmt":"2018-11-17T17:00:13","slug":"home","status":"publish","type":"page","link":"https:\/\/rittershofer-verlag.de\/","title":{"rendered":"Home"},"content":{"rendered":"\n<figure class=\"wp-block-image\"><img loading=\"lazy\" width=\"199\" height=\"115\" src=\"https:\/\/rittershofer-verlag.de\/wp-content\/uploads\/2018\/06\/logo.jpg\" alt=\"\" class=\"wp-image-9\"\/><\/figure>\n\n\n\n<p>Wir m\u00f6chten Ihnen n\u00fctzliche Informationen \u00fcber unseren Verlag und unsere T\u00e4tigkeiten anbieten, die es Ihnen erleichtern sollen, mit uns zusammen zu arbeiten.<\/p>\n\n\n\n<p>Das Internet ist f\u00fcr uns eine ganz neue Erfahrung, so dass wir um Ihr Verst\u00e4ndnis bitten, wenn nicht alles richtig funktioniert. Wir sind jedoch dabei unseren Webauftritt systematisch zu verbessern.<\/p>\n\n\n\n<p>Sehen Sie sich einfach unsere Site an. Wenn Sie Anregungen oder Fragen zu unseren B\u00fcchern haben oder einfach nur weitere Informationen w\u00fcnschen und uns kontaktieren m\u00f6chten, klicken Sie auf &#8222;Kontakt&#8220; auf diesen Seiten.<\/p>\n\n\n\n<p>Vielen Dank f\u00fcr Ihren Besuch. Wir freuen uns, wenn wir Ihnen helfen k\u00f6nnen.<\/p>\n","protected":false},"excerpt":{"rendered":"<p>Wir m\u00f6chten Ihnen n\u00fctzliche Informationen \u00fcber unseren Verlag und unsere T\u00e4tigkeiten anbieten, die es Ihnen erleichtern sollen, mit uns zusammen zu arbeiten. Das Internet ist f\u00fcr uns eine ganz neue Erfahrung, so dass wir um Ihr Verst\u00e4ndnis bitten, wenn nicht <span class=\"excerpt-dots\">&hellip;<\/span> <a class=\"more-link\" href=\"https:\/\/rittershofer-verlag.de\/\"><span class=\"more-msg\">Weiterlesen &rarr;<\/span><\/a><\/p>\n","protected":false},"author":1,"featured_media":0,"parent":0,"menu_order":0,"comment_status":"closed","ping_status":"closed","template":"","meta":[],"_links":{"self":[{"href":"https:\/\/rittershofer-verlag.de\/index.php?rest_route=\/wp\/v2\/pages\/6"}],"collection":[{"href":"https:\/\/rittershofer-verlag.de\/index.php?rest_route=\/wp\/v2\/pages"}],"about":[{"href":"https:\/\/rittershofer-verlag.de\/index.php?rest_route=\/wp\/v2\/types\/page"}],"author":[{"embeddable":true,"href":"https:\/\/rittershofer-verlag.de\/index.php?rest_route=\/wp\/v2\/users\/1"}],"replies":[{"embeddable":true,"href":"https:\/\/rittershofer-verlag.de\/index.php?rest_route=%2Fwp%2Fv2%2Fcomments&post=6"}],"version-history":[{"count":6,"href":"https:\/\/rittershofer-verlag.de\/index.php?rest_route=\/wp\/v2\/pages\/6\/revisions"}],"predecessor-version":[{"id":153,"href":"https:\/\/rittershofer-verlag.de\/index.php?rest_route=\/wp\/v2\/pages\/6\/revisions\/153"}],"wp:attachment":[{"href":"https:\/\/rittershofer-verlag.de\/index.php?rest_route=%2Fwp%2Fv2%2Fmedia&parent=6"}],"curies":[{"name":"wp","href":"https:\/\/api.w.org\/{rel}","templated":true}]}}