{"id":62,"date":"2018-06-24T19:40:42","date_gmt":"2018-06-24T19:40:42","guid":{"rendered":"http:\/\/rittershofer-verlag.de\/?page_id=62"},"modified":"2018-11-17T17:04:49","modified_gmt":"2018-11-17T17:04:49","slug":"aus-dem-inhalt","status":"publish","type":"page","link":"https:\/\/rittershofer-verlag.de\/?page_id=62","title":{"rendered":"Aus dem Inhalt"},"content":{"rendered":"\n<figure class=\"wp-block-image\"><img loading=\"lazy\" width=\"199\" height=\"115\" src=\"https:\/\/rittershofer-verlag.de\/wp-content\/uploads\/2018\/06\/logo-1.jpg\" alt=\"\" class=\"wp-image-40\"\/><\/figure>\n\n\n\n<p>Weniger als ein Zehntel der gesamten Erdoberfl\u00e4che ist bewaldet. Auf dieser relativ kleinen Fl\u00e4che stehen 90% der Biomasse, die es weltweit gibt, und es werden darauf zwei Drittel der j\u00e4hrlichen Prim\u00e4rproduktion, die auf dem Festland erzeugt wird, geleistet. Die W\u00e4lder sind weltweit gef\u00e4hrdet. In den Tropen und Subtropen werden sie vor allem durch Umwandlung in landwirtschaftlich genutzte Fl\u00e4chen vernichtet, aber sie werden auch durch forstliche \u00dcbernutzungen zerst\u00f6rt. Prim\u00e4rw\u00e4lder Nordamerikas und der borealen Taiga sind durch Abholzungen bedroht. In Europa gef\u00e4hrdet der hohe Schadstoffeintrag die Wald\u00f6kosysteme.Hinzu kommen neue Gefahren. Das Klima ver\u00e4ndert sich. Die St\u00fcrme werden offensichtlich h\u00e4ufiger und richten schwere Sch\u00e4den am Wald an.<\/p>\n\n\n\n<p>Die Hauptaufgaben des Waldbaus der Gegenwart bestehen in Mitteleuropa vor allem darin, naturferne, labile Reinbest\u00e4nde in naturnahe, stabile Mischbest\u00e4nde umzubauen und naturnahe W\u00e4lder so zu behandeln, dass sie in ihrer Gesamtheit, Stabilit\u00e4t, Vielfalt und Sch\u00f6nheit f\u00fcr k\u00fcnftige Generationen erhalten bleiben. Waldbau entwickelt sich dabei zum fl\u00e4chigen Naturschutz.<\/p>\n\n\n\n<p>Unsere Gesellschaft ben\u00f6tigt in Zukunft noch mehr als heute den nat\u00fcrlichen, umweltfreundlichen und erneuerbaren Rohstoff Holz. Zus\u00e4tzlich fordert die Gesellschaft auch die Schutz- und Sozialfunktionen des Waldes. Nur naturnahe und stabile W\u00e4lder k\u00f6nnen diesen Anforderungen nachhaltig gen\u00fcgen und nur durch naturgem\u00e4\u00dfes Wirtschaften k\u00f6nnen \u00d6kologie und \u00d6konomie verbunden werden.<\/p>\n\n\n\n<p>Dieses Waldbaulehrbuch wendet sich vor allem an Studierende und Praktiker aller Fachrichtungen, die Kenntnisse \u00fcber den Wald, seine Dynamik, seinen Aufbau und seine pflegliche Behandlung erwerben oder vorhandene Kenntnisse vertiefen wollen. Es gibt aber auch Forst- und Naturwissenschaftlern wichtige Anregungen. Es vermittelt die praktischen und wissenschaftlichen Grundlagen und Grundbegriffe des Waldbaus.<\/p>\n\n\n\n<p>Behandelt werden u.a.: Wald als \u00d6kosystem, die Dynamik von Urw\u00e4ldern, die als Lehrmeister f\u00fcr einen naturnahen Waldbau dienen, W\u00e4lder der Erde, Europas und Deutschlands, Waldfunktionen, Betriebsarten, Nachhaltigkeit und Stetigkeit in der Waldwirtschaft, Betriebsziele.<\/p>\n\n\n\n<p>Ein wichtiger Abschnitt ist Naturschutz im Wald.<\/p>\n\n\n\n<p>Die Wald- und Bestandespflege ist eine zentrale T\u00e4tigkeit des Waldbaus. In Einzelheiten ist die Pflege von Waldbest\u00e4nden und der wichtigen forstlichen Baumarten, einschlie\u00dflich der Kosten, dargestellt.<\/p>\n\n\n\n<p>Grundlagen und handwerkliches Vorgehen f\u00fcr die nat\u00fcrliche Verj\u00fcngung, einschlie\u00dflich der verschiedenen Naturverj\u00fcngungsverfahren, sind detailliert beschrieben.<\/p>\n\n\n\n<p>Grundlage, Planung und Durchf\u00fchrung der Pflanzung , die Pflanzverfahren, die Mischbestandsbegr\u00fcndung und die Behandlung von Sturmwurffl\u00e4chen sind ausf\u00fchrlich behandelt.Herzst\u00fcck des Buches ist die naturgem\u00e4\u00dfe Waldwirtschaft, der Dauerwald, die Plenterwirtschaft mit dem Ziel, stabile und strukturreiche W\u00e4lder zu schaffen. Naturgem\u00e4\u00dfe Pflegekonzepte, Vorratspflege, Rottenpflege im Hochgebirge, Gruppendurchforstung in tieferen Lagen, Methoden der \u00dcberf\u00fchrung vom Altersklassenwald zum Dauerwald, Prozessschutz und das Greenpeace-Konzept zur Waldbehandlung sind wichtige Abschnitte des Lehrbuches.<\/p>\n\n\n\n<p>Die Waldb\u00e4ume und ihre \u00f6kologischen Eigenschaften, der Aufbau funktionsf\u00e4higer, strukturreicher Waldr\u00e4nder sind umfassend behandelt, ebenso Wert\u00e4stung oder D\u00fcngung und Melioration des Waldes.<\/p>\n\n\n\n<p>In einem gro\u00dfen Abschnitt wird die Problematik Wald und Wild er\u00f6rtert.<\/p>\n","protected":false},"excerpt":{"rendered":"<p>Weniger als ein Zehntel der gesamten Erdoberfl\u00e4che ist bewaldet. Auf dieser relativ kleinen Fl\u00e4che stehen 90% der Biomasse, die es weltweit gibt, und es werden darauf zwei Drittel der j\u00e4hrlichen Prim\u00e4rproduktion, die auf dem Festland erzeugt wird, geleistet. Die W\u00e4lder <span class=\"excerpt-dots\">&hellip;<\/span> <a class=\"more-link\" href=\"https:\/\/rittershofer-verlag.de\/?page_id=62\"><span class=\"more-msg\">Weiterlesen &rarr;<\/span><\/a><\/p>\n","protected":false},"author":2,"featured_media":0,"parent":44,"menu_order":2,"comment_status":"closed","ping_status":"closed","template":"","meta":[],"_links":{"self":[{"href":"https:\/\/rittershofer-verlag.de\/index.php?rest_route=\/wp\/v2\/pages\/62"}],"collection":[{"href":"https:\/\/rittershofer-verlag.de\/index.php?rest_route=\/wp\/v2\/pages"}],"about":[{"href":"https:\/\/rittershofer-verlag.de\/index.php?rest_route=\/wp\/v2\/types\/page"}],"author":[{"embeddable":true,"href":"https:\/\/rittershofer-verlag.de\/index.php?rest_route=\/wp\/v2\/users\/2"}],"replies":[{"embeddable":true,"href":"https:\/\/rittershofer-verlag.de\/index.php?rest_route=%2Fwp%2Fv2%2Fcomments&post=62"}],"version-history":[{"count":4,"href":"https:\/\/rittershofer-verlag.de\/index.php?rest_route=\/wp\/v2\/pages\/62\/revisions"}],"predecessor-version":[{"id":157,"href":"https:\/\/rittershofer-verlag.de\/index.php?rest_route=\/wp\/v2\/pages\/62\/revisions\/157"}],"up":[{"embeddable":true,"href":"https:\/\/rittershofer-verlag.de\/index.php?rest_route=\/wp\/v2\/pages\/44"}],"wp:attachment":[{"href":"https:\/\/rittershofer-verlag.de\/index.php?rest_route=%2Fwp%2Fv2%2Fmedia&parent=62"}],"curies":[{"name":"wp","href":"https:\/\/api.w.org\/{rel}","templated":true}]}}