{"id":70,"date":"2018-06-24T19:44:49","date_gmt":"2018-06-24T19:44:49","guid":{"rendered":"http:\/\/rittershofer-verlag.de\/?page_id=70"},"modified":"2018-11-17T17:05:44","modified_gmt":"2018-11-17T17:05:44","slug":"inhaltsverzeichnis","status":"publish","type":"page","link":"https:\/\/rittershofer-verlag.de\/?page_id=70","title":{"rendered":"Inhaltsverzeichnis"},"content":{"rendered":"\n<figure class=\"wp-block-image\"><img loading=\"lazy\" width=\"199\" height=\"115\" src=\"https:\/\/rittershofer-verlag.de\/wp-content\/uploads\/2018\/06\/logo-1.jpg\" alt=\"\" class=\"wp-image-40\"\/><\/figure>\n\n\n\n<p><strong>1 Begriffe, Ziele, Aufgaben<\/strong><\/p>\n\n\n\n<p><strong>2&nbsp;Wald als \u00d6kosystem<\/strong><\/p>\n\n\n\n<p><strong>3 Entwicklungsdynamik europ\u00e4ischer Urw\u00e4lder<\/strong><\/p>\n\n\n\n<p><strong>4&nbsp;Waldverbreitung und \u00f6kol\u00f6gische Eigenschaften waldbaulich wichtiger<br>&nbsp;&nbsp; Baumarten<br><\/strong>4.1 Waldformationen der Erde<br>4.2 Waldtypen,Vorkommen und Zustand<br>4.3 Klima und W\u00e4lder in Europa<br>4.3.1 Nat\u00fcrliche W\u00e4lder Mitteleuropas<br>4.3.2 Nacheiszeitliche Waldentwicklung in Europa<br>4.3.3 Waldentwicklung unter Einflu\u00df des Menschen<br>4.4 Waldgesellschaften Mitteleuropas<br>4.4.1 Laubwaldgesellschaften<br>4.4.2 Nadelwaldgesellschaften<br>4.5 \u00d6kologische Eigenschaften waldbaulich wichtiger Baumarten<br>4.5.1 Horizontale und vertikale Verbreitung<br>4.5.2 Konkurrenzverhalten<br>4.5.3 Standortsanspr\u00fcche von Baumarten<\/p>\n\n\n\n<p><strong>5 Walderzeugnisse und Waldfunktionen<br><\/strong>5.1 Walderzeugnisse<br>5.2 Waldfunktionen<\/p>\n\n\n\n<p><strong>6 Waldbauliche Grundbegriffe und Grunds\u00e4tze<br><\/strong>6.1 Urwald \u2013 Naturwald<br>6.2 Wirtschaftswald<br>6.3 Betriebsarten<br>6.3.1 Hochwaldbetrieb<br>6.3.2 Niederwaldbetrieb<br>6.3.3 Mittelwaldbetrieb<br>6.4 Waldbestand im schlagweisen Hochwald<br>6.4.1 Nat\u00fcrliche Entwicklungsphasen<br>6.4.2 Bestandeszusammensetzung<br>6.4.3 Bestandesaufbau<br>6.4.4 Bestockungsdichte<br>6.5 Wirtschaftsgrunds\u00e4tze<br>6.5.1 Nachhaltigkei<br>6.5.2 Wirtschaftlichkeit<br>6.5.3 R\u00e4umliche Ordnung<br>6.5.4 Zeitliche Ordnung<br>6.5.5 Betriebssicherheit<br>6.6 Waldbauliche Planung und Ziele<\/p>\n\n\n\n<p><strong>7 Naturschutz im Wald<br><\/strong>7.1 Gesetzliche Grundlagen<br>7.2 Aufgaben des Naturschutzes im Wald<br>7.3 Pflege besonderer Lebensr\u00e4ume<\/p>\n\n\n\n<p><strong>8 Waldpflege<br><\/strong>8.1 Aufgaben der Waldpflege<br>8.2 Grundlagen der Waldpflege<br>8.2.1 Entwicklungsphasen in Wirtschaftsw\u00e4ldern<br>8.2.2 Forstgenetische Merkmale<br>8.2.3 Qualtit\u00e4tsmerkmale der Baumarten<br>8.2.4 Stabilit\u00e4t von B\u00e4umen und Best\u00e4nden<br>8.2.5 Ertragskundliche Grundlagen<br>8.2.6 Bestandeserschlie\u00dfung<br>8.2.7 Bestandesbeschreibung<br>8.3 Bestandespflege<br>8.3.1 Planung und Vorbereitung<br>8.3.2 Jungwuchspflege<br>8.3.3 Dickungspflege (L\u00e4uterung)<br>8.3.4 Verfahren der Jungbestandspflege<br>8.3.5 Pflege wichtiger Baumarten in der Jungwuchs- und Dickungsphase<br>8.3.6 Aufwand f\u00fcr Jungbestandspflege<br>8.3.7 Durchforstung<br>8.3.8 Durchforstung wichtiger Baumarten<br>8.3.9 Durchforstungsmodelle<br>8.3.10 Naturgem\u00e4\u00dfe Pflegekonzepte<br>8.3.11 \u00d6kologische Auswirkungen der Durchforstung<br>8.4 Wert\u00e4stung<br>8.4.1 Astreinigung der Baumarten<br>8.4.2 \u00c4stungsarten und Jahreszeit der \u00c4stung<br>8.4.3 Auswahl von Best\u00e4nden und B\u00e4umen<br>8.4.4 \u00c4stungsh\u00f6he<br>8.4.5 \u00c4stungsverfahren und \u00c4stungsger\u00e4te<br>8.4.6 Praxis der \u00c4stung<br>8.4.7 \u00c4stungsnachweis<br>8.5 Anlage und Pflege von Waldr\u00e4ndern<br>8.5.1 Allgemeines<br>8.5.2 Funktionen<br>8.5.3 Aufbau<br>8.5.4 Anlage und Gestaltung von Waldr\u00e4ndern<br>8.5.5 Pflegema\u00dfnahmen<br>8.5.6 Waldr\u00e4nder mit besonderer Funktion<br>8.5.7 Geeignete Baum- und Straucharten f\u00fcr Waldr\u00e4nder<\/p>\n\n\n\n<p><strong>9 Nat\u00fcrliche Bestandesbegr\u00fcndung<br><\/strong>9.1 Begriffe zur Bestandesbegr\u00fcndung<br>9.2 Planungsgrundlagen<br>9.2.1 Baumartenwahl<br>9.2.2 Verj\u00fcngungsplanung<br>9.3 Naturverj\u00fcngung<br>9.3.1 Bestandeserneuerung und Bestandesverj\u00fcngung<br>9.3.2 Naturverj\u00fcngung aus Samen und Fr\u00fcchten<br>9.3.3 Vegetative Naturverj\u00fcngung<br>9.3.4 \u00d6kologische Grundlagen der Naturverj\u00fcngung<br>9.3.5 Naturverj\u00fcngungs-Verfahren<br>9.3.6 Schlu\u00dfbetrachtung \u00fcber Bestandeserneuerung und Bestandesverj\u00fcngung<\/p>\n\n\n\n<p><strong>10 Plenterwald und seine Bewirtschaftung<br><\/strong>10.1 Begriff Plenterwald<br>10.2 Charakteristika des Plenterwaldes<br>10.3 Gefahren f\u00fcr den Plenterwald<br>10.4 Massen- und Wertleistung<br>10.5 Strukturmerkmale<br>10.6 Technik des Plenterns<br>10.7 Gleichgewichtszustand im Plenterwald<br>10.8 Vorgehen bei der Auszeichnung<br>10.9 \u00dcberf\u00fchrung in Plenterwald<br>10.10 Plenterung in Laubw\u00e4ldern<br>10.11 Argumente f\u00fcr eine \u00dcberf\u00fchrung<\/p>\n\n\n\n<p><strong>11 Praktisches Beispiel einer \u00dcberf\u00fchrung&nbsp;eines schlagweisen<br>&nbsp;&nbsp; &nbsp; Hochwaldes in einen&nbsp;Dauerwald<\/strong><\/p>\n\n\n\n<p><strong>12 Naturgem\u00e4\u00dfe Waldwirtschaft<\/strong><\/p>\n\n\n\n<p><strong>13 Waldbauliche Behandlung spezieller Betriebsarten<br><\/strong>13.1 Niederwaldbetrieb<br>13.2 Mittelwaldbetrieb<\/p>\n\n\n\n<p><strong>14 K\u00fcnstliche Bestandesbegr\u00fcndung<br><\/strong>14.1 Geschichte der k\u00fcnstlichen Verj\u00fcngung<br>14.2 Vorraussetzungen f\u00fcr die k\u00fcnstliche Verj\u00fcngung<br>14.2.1 Methoden<br>14.2.2 Wahl der Kulturzeit<br>14.2.3 Vorbereitung von Verj\u00fcngungsfl\u00e4chen<br>14.2.4 Bodenbearbeitung<br>14.2.5 Vorbereitung von Saat und Pflanzung<br>14.3 Saat<br>14.3.1 Saatgut<br>14.3.2 Saatgutvorbehandlung und Saatgutbedarf<br>14.3.3 Saatarten und Saatformen<br>14.4 Pflanzung<br>14.4.1 Pflanzgut<br>14.4.2 Anzucht in privaten Baumschulen oder im Forstbetrieb<br>14.4.3 Anzucht des Pflanzgutes im Forstpflanzgarten<br>14.4.4 Qualit\u00e4t von Forstpflanzen<br>14.4.5 Pflanzverb\u00e4nde<br>14.4.6 Pflanzverfahren<\/p>\n\n\n\n<p><strong>15 Technik der Mischbestandsbegr\u00fcndung<\/strong><\/p>\n\n\n\n<p><strong>16 Bestandesbegr\u00fcndung auf Sonderstandorten<br><\/strong>16.1 Aufforstung landwirtschaftlicher Grenzertragsstandorte<br>16.2 Kippen- und Haldenaufforstung<\/p>\n\n\n\n<p><strong>17 D\u00fcngung und Melioration<br><\/strong>17.1 N\u00e4hrelemente<br>17.2 Waldbauliche Ma\u00dfnahmen zur Verbesserung des N\u00e4hrstoffhaushalts<br>17.3 Erkennung des Bodenzustands und der Symptome f\u00fcr N\u00e4hrstoffmangel<br>17.4 Ausf\u00fchrung der D\u00fcngung<br>17.5 Zeitpunkt der D\u00fcngung und Art der Ausbringung<br>17.6 D\u00fcngung als Ma\u00dfnahme gegen immissionsbedingte Bodenversauerung<br>17.7 Nebenwirkungen von D\u00fcngungs- und Meliorationsma\u00dfnahmen<\/p>\n\n\n\n<p><strong>18 Wald und Wild<br><\/strong>18.1 Jagd und Wildstand heute<br>18.2 Auswirkungen der Schalenwildbest\u00e4nde auf das Wald\u00f6kosystem<br>18.3 Beitrag des Waldbaus zur Verh\u00fctung von Waldsch\u00e4den<br>18.4 Schalenwildverbi\u00df und seine Folgen<\/p>\n\n\n\n<p><strong>19 Schadensabwehr in jungen W\u00e4ldern<\/strong><\/p>\n\n\n\n<p><strong>20 Literatur<\/strong><\/p>\n\n\n\n<p><strong>21 Index<\/strong><\/p>\n","protected":false},"excerpt":{"rendered":"<p>1 Begriffe, Ziele, Aufgaben 2&nbsp;Wald als \u00d6kosystem 3 Entwicklungsdynamik europ\u00e4ischer Urw\u00e4lder 4&nbsp;Waldverbreitung und \u00f6kol\u00f6gische Eigenschaften waldbaulich wichtiger&nbsp;&nbsp; Baumarten4.1 Waldformationen der Erde4.2 Waldtypen,Vorkommen und Zustand4.3 Klima und W\u00e4lder in Europa4.3.1 Nat\u00fcrliche W\u00e4lder Mitteleuropas4.3.2 Nacheiszeitliche Waldentwicklung in Europa4.3.3 Waldentwicklung unter Einflu\u00df des <span class=\"excerpt-dots\">&hellip;<\/span> <a class=\"more-link\" href=\"https:\/\/rittershofer-verlag.de\/?page_id=70\"><span class=\"more-msg\">Weiterlesen &rarr;<\/span><\/a><\/p>\n","protected":false},"author":2,"featured_media":0,"parent":44,"menu_order":5,"comment_status":"closed","ping_status":"closed","template":"","meta":[],"_links":{"self":[{"href":"https:\/\/rittershofer-verlag.de\/index.php?rest_route=\/wp\/v2\/pages\/70"}],"collection":[{"href":"https:\/\/rittershofer-verlag.de\/index.php?rest_route=\/wp\/v2\/pages"}],"about":[{"href":"https:\/\/rittershofer-verlag.de\/index.php?rest_route=\/wp\/v2\/types\/page"}],"author":[{"embeddable":true,"href":"https:\/\/rittershofer-verlag.de\/index.php?rest_route=\/wp\/v2\/users\/2"}],"replies":[{"embeddable":true,"href":"https:\/\/rittershofer-verlag.de\/index.php?rest_route=%2Fwp%2Fv2%2Fcomments&post=70"}],"version-history":[{"count":4,"href":"https:\/\/rittershofer-verlag.de\/index.php?rest_route=\/wp\/v2\/pages\/70\/revisions"}],"predecessor-version":[{"id":159,"href":"https:\/\/rittershofer-verlag.de\/index.php?rest_route=\/wp\/v2\/pages\/70\/revisions\/159"}],"up":[{"embeddable":true,"href":"https:\/\/rittershofer-verlag.de\/index.php?rest_route=\/wp\/v2\/pages\/44"}],"wp:attachment":[{"href":"https:\/\/rittershofer-verlag.de\/index.php?rest_route=%2Fwp%2Fv2%2Fmedia&parent=70"}],"curies":[{"name":"wp","href":"https:\/\/api.w.org\/{rel}","templated":true}]}}