{"id":76,"date":"2018-06-24T19:48:53","date_gmt":"2018-06-24T19:48:53","guid":{"rendered":"http:\/\/rittershofer-verlag.de\/?page_id=76"},"modified":"2018-11-17T17:06:01","modified_gmt":"2018-11-17T17:06:01","slug":"nachdenken","status":"publish","type":"page","link":"https:\/\/rittershofer-verlag.de\/?page_id=76","title":{"rendered":"Nachdenken"},"content":{"rendered":"\n<figure class=\"wp-block-image\"><img loading=\"lazy\" width=\"199\" height=\"115\" src=\"https:\/\/rittershofer-verlag.de\/wp-content\/uploads\/2018\/06\/logo-1.jpg\" alt=\"\" class=\"wp-image-40\"\/><\/figure>\n\n\n\n<p>was brauchst du? einen Baum ein Haus zu<br>ermessen wie grosz wie klein das Leben als Mensch<br>wie grosz wie klein wenn du aufblickst zur Krone<br>dich verlierst in gr\u00fcner \u00fcppiger Sch\u00f6nheit<br>wie grosz wie klein bedenkst du wie kurz<br>dein Leben vergleichst du es mit dem Leben der B\u00e4ume<br>du brauchst einen Baum du brauchst ein Haus<br>keines f\u00fcr dich allein nur einen Winkel ein Dach<br>zu sitzen zu denken zu schlafen zu tr\u00e4umen<br>zu schreiben zu schweigen zu sehen den Freund<br>die Gestirne das Gras die Blume den Himmel<br>&nbsp;<\/p>\n\n\n\n<p>Friederike Mayr\u00f6cker<\/p>\n","protected":false},"excerpt":{"rendered":"<p>was brauchst du? einen Baum ein Haus zuermessen wie grosz wie klein das Leben als Menschwie grosz wie klein wenn du aufblickst zur Kronedich verlierst in gr\u00fcner \u00fcppiger Sch\u00f6nheitwie grosz wie klein bedenkst du wie kurzdein Leben vergleichst du es <span class=\"excerpt-dots\">&hellip;<\/span> <a class=\"more-link\" href=\"https:\/\/rittershofer-verlag.de\/?page_id=76\"><span class=\"more-msg\">Weiterlesen &rarr;<\/span><\/a><\/p>\n","protected":false},"author":2,"featured_media":0,"parent":0,"menu_order":3,"comment_status":"closed","ping_status":"closed","template":"","meta":[],"_links":{"self":[{"href":"https:\/\/rittershofer-verlag.de\/index.php?rest_route=\/wp\/v2\/pages\/76"}],"collection":[{"href":"https:\/\/rittershofer-verlag.de\/index.php?rest_route=\/wp\/v2\/pages"}],"about":[{"href":"https:\/\/rittershofer-verlag.de\/index.php?rest_route=\/wp\/v2\/types\/page"}],"author":[{"embeddable":true,"href":"https:\/\/rittershofer-verlag.de\/index.php?rest_route=\/wp\/v2\/users\/2"}],"replies":[{"embeddable":true,"href":"https:\/\/rittershofer-verlag.de\/index.php?rest_route=%2Fwp%2Fv2%2Fcomments&post=76"}],"version-history":[{"count":5,"href":"https:\/\/rittershofer-verlag.de\/index.php?rest_route=\/wp\/v2\/pages\/76\/revisions"}],"predecessor-version":[{"id":160,"href":"https:\/\/rittershofer-verlag.de\/index.php?rest_route=\/wp\/v2\/pages\/76\/revisions\/160"}],"wp:attachment":[{"href":"https:\/\/rittershofer-verlag.de\/index.php?rest_route=%2Fwp%2Fv2%2Fmedia&parent=76"}],"curies":[{"name":"wp","href":"https:\/\/api.w.org\/{rel}","templated":true}]}}